{"id":2419,"date":"2023-03-06T12:51:11","date_gmt":"2023-03-06T11:51:11","guid":{"rendered":"https:\/\/amo.bz.it\/prodotto\/nodini-trecce\/"},"modified":"2024-11-28T13:01:22","modified_gmt":"2024-11-28T12:01:22","slug":"mozzarella-knoten-und-zoepfen-amo","status":"publish","type":"product","link":"https:\/\/amo.bz.it\/de\/produkte\/mozzarella-knoten-und-zoepfen-amo\/","title":{"rendered":"Mozzarella-Knoten und -Z\u00f6pfen Am\u00f2"},"content":{"rendered":"<p>Unsere Auswahl an Mozzarella-Knoten und -Z\u00f6pfen gibt es in zwei Varianten: praktische Formate mit 90 Gramm und beeindruckende Gr\u00f6\u00dfen mit 280 Gramm aus Kuhmilch.<\/p>\n<p>Mit handwerklichem Geschick entstehen diese Formen durch das kunstvolle Verflechten der Mozzarella-F\u00e4den, die vollst\u00e4ndig von Hand verarbeitet werden. Das Ergebnis ist nicht nur ein Genuss f\u00fcr den Gaumen, sondern auch ein Kunstwerk f\u00fcrs Auge.<\/p>\n<p>Im Vergleich zur Fiordilatte zeichnet sich diese Form durch eine festere Konsistenz und einen intensiveren Geschmack aus.<\/p>\n<div id=\"ingredienti-e-tabella\" style=\"display: none;\">\n<h3>Ingredienti<\/h3>\n<p><strong>Latte pastorizzato<\/strong>, <strong>fermenti lattici<\/strong>, sale, <strong>caglio<\/strong>. Senza aggiunta di conservanti.<br \/>\nAllergeni: Latte e derivati, lattosio e proteine del latte vaccino.<\/p>\n<h3>Valori nutrizionali<\/h3>\n<table class=\"valori-nutrizionali\">\n<thead>\n<tr>\n<th scope=\"col\">Valori nutrizionali medi<\/th>\n<th scope=\"col\">per 100 g<\/th>\n<\/tr>\n<\/thead>\n<tbody>\n<tr class=\"valore-principale\">\n<td data-label=\"Valori nutrizionali\">Valore energetico<\/td>\n<td data-label=\"per 100 g\">Kcal 277 \u2013 Kj 1150<\/td>\n<\/tr>\n<tr class=\"valore-principale\">\n<td data-label=\"Valori nutrizionali\">Grassi<\/td>\n<td data-label=\"per 100 g\">g 28,8<\/td>\n<\/tr>\n<tr class=\"valore-secondario\">\n<td data-label=\"Valori nutrizionali\">di cui acidi grassi saturi<\/td>\n<td data-label=\"per 100 g\">g 16,9<\/td>\n<\/tr>\n<tr class=\"valore-principale\">\n<td data-label=\"Valori nutrizionali\">Carboidrati<\/td>\n<td data-label=\"per 100 g\">g 0,0<\/td>\n<\/tr>\n<tr class=\"valore-secondario\">\n<td data-label=\"Valori nutrizionali\">di cui zuccheri<\/td>\n<td data-label=\"per 100 g\">g 0,0<\/td>\n<\/tr>\n<tr class=\"valore-principale\">\n<td data-label=\"Valori nutrizionali\">Proteine<\/td>\n<td data-label=\"per 100 g\">g 18<\/td>\n<\/tr>\n<tr class=\"valore-principale\">\n<td data-label=\"Valori nutrizionali\">Sale<\/td>\n<td data-label=\"per 100 g\">g 0,4<\/td>\n<\/tr>\n<\/tbody>\n<\/table>\n<\/div>\n","protected":false},"excerpt":{"rendered":"<p>Unsere Auswahl an Mozzarella-Knoten und -Z\u00f6pfen gibt es in zwei<\/p>\n","protected":false},"featured_media":1199,"template":"","meta":[],"product_brand":[],"product_cat":[62],"product_tag":[],"class_list":{"0":"post-2419","1":"product","2":"type-product","3":"status-publish","4":"has-post-thumbnail","6":"product_cat-caseificio","8":"first","9":"instock","10":"shipping-taxable","11":"purchasable","12":"product-type-simple"},"yoast_head":"<!-- This site is optimized with the Yoast SEO plugin v26.2 - https:\/\/yoast.com\/wordpress\/plugins\/seo\/ -->\n<title>Mozzarella-Knoten und -Z\u00f6pfen Am\u00f2 - Caseificio K\u00e4serei Am\u00f2<\/title>\n<meta name=\"robots\" content=\"index, follow, max-snippet:-1, max-image-preview:large, max-video-preview:-1\" \/>\n<link rel=\"canonical\" href=\"https:\/\/amo.bz.it\/de\/produkte\/mozzarella-knoten-und-zoepfen-amo\/\" \/>\n<meta property=\"og:locale\" content=\"de_DE\" \/>\n<meta property=\"og:type\" content=\"article\" \/>\n<meta property=\"og:title\" content=\"Mozzarella-Knoten und -Z\u00f6pfen Am\u00f2 - Caseificio K\u00e4serei Am\u00f2\" \/>\n<meta property=\"og:description\" content=\"Unsere Auswahl an Mozzarella-Knoten und -Z\u00f6pfen gibt es in zwei\" \/>\n<meta property=\"og:url\" content=\"https:\/\/amo.bz.it\/de\/produkte\/mozzarella-knoten-und-zoepfen-amo\/\" \/>\n<meta property=\"og:site_name\" content=\"Caseificio K\u00e4serei Am\u00f2\" \/>\n<meta property=\"article:modified_time\" content=\"2024-11-28T12:01:22+00:00\" \/>\n<meta property=\"og:image\" content=\"https:\/\/amo.bz.it\/wp-content\/uploads\/2020\/11\/nodini_DSC8004.jpg\" \/>\n\t<meta property=\"og:image:width\" content=\"1200\" \/>\n\t<meta property=\"og:image:height\" content=\"900\" \/>\n\t<meta property=\"og:image:type\" content=\"image\/jpeg\" \/>\n<meta name=\"twitter:card\" content=\"summary_large_image\" \/>\n<meta name=\"twitter:label1\" content=\"Gesch\u00e4tzte Lesezeit\" \/>\n\t<meta name=\"twitter:data1\" content=\"1\u00a0Minute\" \/>\n<script type=\"application\/ld+json\" class=\"yoast-schema-graph\">{\"@context\":\"https:\/\/schema.org\",\"@graph\":[{\"@type\":\"WebPage\",\"@id\":\"https:\/\/amo.bz.it\/de\/produkte\/mozzarella-knoten-und-zoepfen-amo\/\",\"url\":\"https:\/\/amo.bz.it\/de\/produkte\/mozzarella-knoten-und-zoepfen-amo\/\",\"name\":\"Mozzarella-Knoten und -Z\u00f6pfen Am\u00f2 - Caseificio K\u00e4serei Am\u00f2\",\"isPartOf\":{\"@id\":\"https:\/\/amo.bz.it\/#website\"},\"primaryImageOfPage\":{\"@id\":\"https:\/\/amo.bz.it\/de\/produkte\/mozzarella-knoten-und-zoepfen-amo\/#primaryimage\"},\"image\":{\"@id\":\"https:\/\/amo.bz.it\/de\/produkte\/mozzarella-knoten-und-zoepfen-amo\/#primaryimage\"},\"thumbnailUrl\":\"https:\/\/amo.bz.it\/wp-content\/uploads\/2020\/11\/nodini_DSC8004.jpg\",\"datePublished\":\"2023-03-06T11:51:11+00:00\",\"dateModified\":\"2024-11-28T12:01:22+00:00\",\"breadcrumb\":{\"@id\":\"https:\/\/amo.bz.it\/de\/produkte\/mozzarella-knoten-und-zoepfen-amo\/#breadcrumb\"},\"inLanguage\":\"de\",\"potentialAction\":[{\"@type\":\"ReadAction\",\"target\":[\"https:\/\/amo.bz.it\/de\/produkte\/mozzarella-knoten-und-zoepfen-amo\/\"]}]},{\"@type\":\"ImageObject\",\"inLanguage\":\"de\",\"@id\":\"https:\/\/amo.bz.it\/de\/produkte\/mozzarella-knoten-und-zoepfen-amo\/#primaryimage\",\"url\":\"https:\/\/amo.bz.it\/wp-content\/uploads\/2020\/11\/nodini_DSC8004.jpg\",\"contentUrl\":\"https:\/\/amo.bz.it\/wp-content\/uploads\/2020\/11\/nodini_DSC8004.jpg\",\"width\":1200,\"height\":900,\"caption\":\"Nodini Am\u00f2\"},{\"@type\":\"BreadcrumbList\",\"@id\":\"https:\/\/amo.bz.it\/de\/produkte\/mozzarella-knoten-und-zoepfen-amo\/#breadcrumb\",\"itemListElement\":[{\"@type\":\"ListItem\",\"position\":1,\"name\":\"Home\",\"item\":\"https:\/\/amo.bz.it\/de\/\"},{\"@type\":\"ListItem\",\"position\":2,\"name\":\"Prodotti\",\"item\":\"https:\/\/amo.bz.it\/shop\/\"},{\"@type\":\"ListItem\",\"position\":3,\"name\":\"Mozzarella-Knoten und -Z\u00f6pfen Am\u00f2\"}]},{\"@type\":\"WebSite\",\"@id\":\"https:\/\/amo.bz.it\/#website\",\"url\":\"https:\/\/amo.bz.it\/\",\"name\":\"Caseificio K\u00e4serei Am\u00f2\",\"description\":\"Il laboratorio della mozzarella artigianale\",\"potentialAction\":[{\"@type\":\"SearchAction\",\"target\":{\"@type\":\"EntryPoint\",\"urlTemplate\":\"https:\/\/amo.bz.it\/?s={search_term_string}\"},\"query-input\":{\"@type\":\"PropertyValueSpecification\",\"valueRequired\":true,\"valueName\":\"search_term_string\"}}],\"inLanguage\":\"de\"}]}<\/script>\n<!-- \/ Yoast SEO plugin. -->","yoast_head_json":{"title":"Mozzarella-Knoten und -Z\u00f6pfen Am\u00f2 - Caseificio K\u00e4serei Am\u00f2","robots":{"index":"index","follow":"follow","max-snippet":"max-snippet:-1","max-image-preview":"max-image-preview:large","max-video-preview":"max-video-preview:-1"},"canonical":"https:\/\/amo.bz.it\/de\/produkte\/mozzarella-knoten-und-zoepfen-amo\/","og_locale":"de_DE","og_type":"article","og_title":"Mozzarella-Knoten und -Z\u00f6pfen Am\u00f2 - Caseificio K\u00e4serei Am\u00f2","og_description":"Unsere Auswahl an Mozzarella-Knoten und -Z\u00f6pfen gibt es in zwei","og_url":"https:\/\/amo.bz.it\/de\/produkte\/mozzarella-knoten-und-zoepfen-amo\/","og_site_name":"Caseificio K\u00e4serei Am\u00f2","article_modified_time":"2024-11-28T12:01:22+00:00","og_image":[{"width":1200,"height":900,"url":"https:\/\/amo.bz.it\/wp-content\/uploads\/2020\/11\/nodini_DSC8004.jpg","type":"image\/jpeg"}],"twitter_card":"summary_large_image","twitter_misc":{"Gesch\u00e4tzte Lesezeit":"1\u00a0Minute"},"schema":{"@context":"https:\/\/schema.org","@graph":[{"@type":"WebPage","@id":"https:\/\/amo.bz.it\/de\/produkte\/mozzarella-knoten-und-zoepfen-amo\/","url":"https:\/\/amo.bz.it\/de\/produkte\/mozzarella-knoten-und-zoepfen-amo\/","name":"Mozzarella-Knoten und -Z\u00f6pfen Am\u00f2 - Caseificio K\u00e4serei Am\u00f2","isPartOf":{"@id":"https:\/\/amo.bz.it\/#website"},"primaryImageOfPage":{"@id":"https:\/\/amo.bz.it\/de\/produkte\/mozzarella-knoten-und-zoepfen-amo\/#primaryimage"},"image":{"@id":"https:\/\/amo.bz.it\/de\/produkte\/mozzarella-knoten-und-zoepfen-amo\/#primaryimage"},"thumbnailUrl":"https:\/\/amo.bz.it\/wp-content\/uploads\/2020\/11\/nodini_DSC8004.jpg","datePublished":"2023-03-06T11:51:11+00:00","dateModified":"2024-11-28T12:01:22+00:00","breadcrumb":{"@id":"https:\/\/amo.bz.it\/de\/produkte\/mozzarella-knoten-und-zoepfen-amo\/#breadcrumb"},"inLanguage":"de","potentialAction":[{"@type":"ReadAction","target":["https:\/\/amo.bz.it\/de\/produkte\/mozzarella-knoten-und-zoepfen-amo\/"]}]},{"@type":"ImageObject","inLanguage":"de","@id":"https:\/\/amo.bz.it\/de\/produkte\/mozzarella-knoten-und-zoepfen-amo\/#primaryimage","url":"https:\/\/amo.bz.it\/wp-content\/uploads\/2020\/11\/nodini_DSC8004.jpg","contentUrl":"https:\/\/amo.bz.it\/wp-content\/uploads\/2020\/11\/nodini_DSC8004.jpg","width":1200,"height":900,"caption":"Nodini Am\u00f2"},{"@type":"BreadcrumbList","@id":"https:\/\/amo.bz.it\/de\/produkte\/mozzarella-knoten-und-zoepfen-amo\/#breadcrumb","itemListElement":[{"@type":"ListItem","position":1,"name":"Home","item":"https:\/\/amo.bz.it\/de\/"},{"@type":"ListItem","position":2,"name":"Prodotti","item":"https:\/\/amo.bz.it\/shop\/"},{"@type":"ListItem","position":3,"name":"Mozzarella-Knoten und -Z\u00f6pfen Am\u00f2"}]},{"@type":"WebSite","@id":"https:\/\/amo.bz.it\/#website","url":"https:\/\/amo.bz.it\/","name":"Caseificio K\u00e4serei Am\u00f2","description":"Il laboratorio della mozzarella artigianale","potentialAction":[{"@type":"SearchAction","target":{"@type":"EntryPoint","urlTemplate":"https:\/\/amo.bz.it\/?s={search_term_string}"},"query-input":{"@type":"PropertyValueSpecification","valueRequired":true,"valueName":"search_term_string"}}],"inLanguage":"de"}]}},"_links":{"self":[{"href":"https:\/\/amo.bz.it\/de\/wp-json\/wp\/v2\/product\/2419","targetHints":{"allow":["GET"]}}],"collection":[{"href":"https:\/\/amo.bz.it\/de\/wp-json\/wp\/v2\/product"}],"about":[{"href":"https:\/\/amo.bz.it\/de\/wp-json\/wp\/v2\/types\/product"}],"wp:featuredmedia":[{"embeddable":true,"href":"https:\/\/amo.bz.it\/de\/wp-json\/wp\/v2\/media\/1199"}],"wp:attachment":[{"href":"https:\/\/amo.bz.it\/de\/wp-json\/wp\/v2\/media?parent=2419"}],"wp:term":[{"taxonomy":"product_brand","embeddable":true,"href":"https:\/\/amo.bz.it\/de\/wp-json\/wp\/v2\/product_brand?post=2419"},{"taxonomy":"product_cat","embeddable":true,"href":"https:\/\/amo.bz.it\/de\/wp-json\/wp\/v2\/product_cat?post=2419"},{"taxonomy":"product_tag","embeddable":true,"href":"https:\/\/amo.bz.it\/de\/wp-json\/wp\/v2\/product_tag?post=2419"}],"curies":[{"name":"wp","href":"https:\/\/api.w.org\/{rel}","templated":true}]}}