{"id":2417,"date":"2023-03-06T17:03:34","date_gmt":"2023-03-06T16:03:34","guid":{"rendered":"https:\/\/amo.bz.it\/prodotto\/ricotta\/"},"modified":"2024-11-28T12:58:08","modified_gmt":"2024-11-28T11:58:08","slug":"ricotta","status":"publish","type":"product","link":"https:\/\/amo.bz.it\/de\/produkte\/ricotta\/","title":{"rendered":"Ricotta Am\u00f2"},"content":{"rendered":"<p>Wir bieten eine gro\u00dfe Auswahl an Ricotta aus Kuhmilch, die von eleganten Gr\u00f6\u00dfen mit etwa 220 Gramm bis hin zu imposanten Formen von 1,5 kg reicht. Auf Anfrage sind auch kleinere Formate von 50 Gramm erh\u00e4ltlich.<\/p>\n<p>Unsere Ricottas zeichnen sich durch ihre S\u00fc\u00dfe, Raffinesse und cremige Konsistenz aus.<\/p>\n<p>Die Ricottas sind in runden und quadratischen Formen erh\u00e4ltlich, aber wir erf\u00fcllen auch anspruchsvollere W\u00fcnsche, indem wir personalisierte Formen anbieten, wie zum Beispiel die Herzform, die den visuellen Genuss mit dem kulinarischen verkn\u00fcpft.<\/p>\n<div id=\"ingredienti-e-tabella\" style=\"display: none;\">\n<h3>Ingredienti<\/h3>\n<p><strong>Latte pastorizzato<\/strong>, <strong>fermenti lattici<\/strong>, sale, <strong>caglio<\/strong>. Senza aggiunta di conservanti.<br \/>\nAllergeni: Latte e derivati, lattosio e proteine del latte vaccino.<\/p>\n<h3>Valori nutrizionali<\/h3>\n<table class=\"valori-nutrizionali\">\n<thead>\n<tr>\n<th scope=\"col\">Valori nutrizionali medi<\/th>\n<th scope=\"col\">per 100 g<\/th>\n<\/tr>\n<\/thead>\n<tbody>\n<tr class=\"valore-principale\">\n<td data-label=\"Valori nutrizionali\">Valore energetico<\/td>\n<td data-label=\"per 100 g\">Kcal 277 \u2013 Kj 1150<\/td>\n<\/tr>\n<tr class=\"valore-principale\">\n<td data-label=\"Valori nutrizionali\">Grassi<\/td>\n<td data-label=\"per 100 g\">g 28,8<\/td>\n<\/tr>\n<tr class=\"valore-secondario\">\n<td data-label=\"Valori nutrizionali\">di cui acidi grassi saturi<\/td>\n<td data-label=\"per 100 g\">g 16,9<\/td>\n<\/tr>\n<tr class=\"valore-principale\">\n<td data-label=\"Valori nutrizionali\">Carboidrati<\/td>\n<td data-label=\"per 100 g\">g 0,0<\/td>\n<\/tr>\n<tr class=\"valore-secondario\">\n<td data-label=\"Valori nutrizionali\">di cui zuccheri<\/td>\n<td data-label=\"per 100 g\">g 0,0<\/td>\n<\/tr>\n<tr class=\"valore-principale\">\n<td data-label=\"Valori nutrizionali\">Proteine<\/td>\n<td data-label=\"per 100 g\">g 18<\/td>\n<\/tr>\n<tr class=\"valore-principale\">\n<td data-label=\"Valori nutrizionali\">Sale<\/td>\n<td data-label=\"per 100 g\">g 0,4<\/td>\n<\/tr>\n<\/tbody>\n<\/table>\n<\/div>\n","protected":false},"excerpt":{"rendered":"<p>Wir bieten eine gro\u00dfe Auswahl an Ricotta aus Kuhmilch, die<\/p>\n","protected":false},"featured_media":1207,"template":"","meta":[],"product_brand":[],"product_cat":[62],"product_tag":[],"class_list":{"0":"post-2417","1":"product","2":"type-product","3":"status-publish","4":"has-post-thumbnail","6":"product_cat-caseificio","8":"first","9":"instock","10":"shipping-taxable","11":"purchasable","12":"product-type-simple"},"yoast_head":"<!-- This site is optimized with the Yoast SEO plugin v26.2 - https:\/\/yoast.com\/wordpress\/plugins\/seo\/ -->\n<title>Ricotta Am\u00f2 - Caseificio K\u00e4serei Am\u00f2<\/title>\n<meta name=\"robots\" content=\"index, follow, max-snippet:-1, max-image-preview:large, max-video-preview:-1\" \/>\n<link rel=\"canonical\" href=\"https:\/\/amo.bz.it\/de\/produkte\/ricotta\/\" \/>\n<meta property=\"og:locale\" content=\"de_DE\" \/>\n<meta property=\"og:type\" content=\"article\" \/>\n<meta property=\"og:title\" content=\"Ricotta Am\u00f2 - Caseificio K\u00e4serei Am\u00f2\" \/>\n<meta property=\"og:description\" content=\"Wir bieten eine gro\u00dfe Auswahl an Ricotta aus Kuhmilch, die\" \/>\n<meta property=\"og:url\" content=\"https:\/\/amo.bz.it\/de\/produkte\/ricotta\/\" \/>\n<meta property=\"og:site_name\" content=\"Caseificio K\u00e4serei Am\u00f2\" \/>\n<meta property=\"article:modified_time\" content=\"2024-11-28T11:58:08+00:00\" \/>\n<meta property=\"og:image\" content=\"https:\/\/amo.bz.it\/wp-content\/uploads\/2020\/11\/ricotta_DSC8038.jpg\" \/>\n\t<meta property=\"og:image:width\" content=\"1200\" \/>\n\t<meta property=\"og:image:height\" content=\"900\" \/>\n\t<meta property=\"og:image:type\" content=\"image\/jpeg\" \/>\n<meta name=\"twitter:card\" content=\"summary_large_image\" \/>\n<meta name=\"twitter:label1\" content=\"Gesch\u00e4tzte Lesezeit\" \/>\n\t<meta name=\"twitter:data1\" content=\"1\u00a0Minute\" \/>\n<script type=\"application\/ld+json\" class=\"yoast-schema-graph\">{\"@context\":\"https:\/\/schema.org\",\"@graph\":[{\"@type\":\"WebPage\",\"@id\":\"https:\/\/amo.bz.it\/de\/produkte\/ricotta\/\",\"url\":\"https:\/\/amo.bz.it\/de\/produkte\/ricotta\/\",\"name\":\"Ricotta Am\u00f2 - Caseificio K\u00e4serei Am\u00f2\",\"isPartOf\":{\"@id\":\"https:\/\/amo.bz.it\/#website\"},\"primaryImageOfPage\":{\"@id\":\"https:\/\/amo.bz.it\/de\/produkte\/ricotta\/#primaryimage\"},\"image\":{\"@id\":\"https:\/\/amo.bz.it\/de\/produkte\/ricotta\/#primaryimage\"},\"thumbnailUrl\":\"https:\/\/amo.bz.it\/wp-content\/uploads\/2020\/11\/ricotta_DSC8038.jpg\",\"datePublished\":\"2023-03-06T16:03:34+00:00\",\"dateModified\":\"2024-11-28T11:58:08+00:00\",\"breadcrumb\":{\"@id\":\"https:\/\/amo.bz.it\/de\/produkte\/ricotta\/#breadcrumb\"},\"inLanguage\":\"de\",\"potentialAction\":[{\"@type\":\"ReadAction\",\"target\":[\"https:\/\/amo.bz.it\/de\/produkte\/ricotta\/\"]}]},{\"@type\":\"ImageObject\",\"inLanguage\":\"de\",\"@id\":\"https:\/\/amo.bz.it\/de\/produkte\/ricotta\/#primaryimage\",\"url\":\"https:\/\/amo.bz.it\/wp-content\/uploads\/2020\/11\/ricotta_DSC8038.jpg\",\"contentUrl\":\"https:\/\/amo.bz.it\/wp-content\/uploads\/2020\/11\/ricotta_DSC8038.jpg\",\"width\":1200,\"height\":900,\"caption\":\"Ricotta Am\u00f2\"},{\"@type\":\"BreadcrumbList\",\"@id\":\"https:\/\/amo.bz.it\/de\/produkte\/ricotta\/#breadcrumb\",\"itemListElement\":[{\"@type\":\"ListItem\",\"position\":1,\"name\":\"Home\",\"item\":\"https:\/\/amo.bz.it\/de\/\"},{\"@type\":\"ListItem\",\"position\":2,\"name\":\"Prodotti\",\"item\":\"https:\/\/amo.bz.it\/shop\/\"},{\"@type\":\"ListItem\",\"position\":3,\"name\":\"Ricotta Am\u00f2\"}]},{\"@type\":\"WebSite\",\"@id\":\"https:\/\/amo.bz.it\/#website\",\"url\":\"https:\/\/amo.bz.it\/\",\"name\":\"Caseificio K\u00e4serei Am\u00f2\",\"description\":\"Il laboratorio della mozzarella artigianale\",\"potentialAction\":[{\"@type\":\"SearchAction\",\"target\":{\"@type\":\"EntryPoint\",\"urlTemplate\":\"https:\/\/amo.bz.it\/?s={search_term_string}\"},\"query-input\":{\"@type\":\"PropertyValueSpecification\",\"valueRequired\":true,\"valueName\":\"search_term_string\"}}],\"inLanguage\":\"de\"}]}<\/script>\n<!-- \/ Yoast SEO plugin. -->","yoast_head_json":{"title":"Ricotta Am\u00f2 - Caseificio K\u00e4serei Am\u00f2","robots":{"index":"index","follow":"follow","max-snippet":"max-snippet:-1","max-image-preview":"max-image-preview:large","max-video-preview":"max-video-preview:-1"},"canonical":"https:\/\/amo.bz.it\/de\/produkte\/ricotta\/","og_locale":"de_DE","og_type":"article","og_title":"Ricotta Am\u00f2 - Caseificio K\u00e4serei Am\u00f2","og_description":"Wir bieten eine gro\u00dfe Auswahl an Ricotta aus Kuhmilch, die","og_url":"https:\/\/amo.bz.it\/de\/produkte\/ricotta\/","og_site_name":"Caseificio K\u00e4serei Am\u00f2","article_modified_time":"2024-11-28T11:58:08+00:00","og_image":[{"width":1200,"height":900,"url":"https:\/\/amo.bz.it\/wp-content\/uploads\/2020\/11\/ricotta_DSC8038.jpg","type":"image\/jpeg"}],"twitter_card":"summary_large_image","twitter_misc":{"Gesch\u00e4tzte Lesezeit":"1\u00a0Minute"},"schema":{"@context":"https:\/\/schema.org","@graph":[{"@type":"WebPage","@id":"https:\/\/amo.bz.it\/de\/produkte\/ricotta\/","url":"https:\/\/amo.bz.it\/de\/produkte\/ricotta\/","name":"Ricotta Am\u00f2 - Caseificio K\u00e4serei Am\u00f2","isPartOf":{"@id":"https:\/\/amo.bz.it\/#website"},"primaryImageOfPage":{"@id":"https:\/\/amo.bz.it\/de\/produkte\/ricotta\/#primaryimage"},"image":{"@id":"https:\/\/amo.bz.it\/de\/produkte\/ricotta\/#primaryimage"},"thumbnailUrl":"https:\/\/amo.bz.it\/wp-content\/uploads\/2020\/11\/ricotta_DSC8038.jpg","datePublished":"2023-03-06T16:03:34+00:00","dateModified":"2024-11-28T11:58:08+00:00","breadcrumb":{"@id":"https:\/\/amo.bz.it\/de\/produkte\/ricotta\/#breadcrumb"},"inLanguage":"de","potentialAction":[{"@type":"ReadAction","target":["https:\/\/amo.bz.it\/de\/produkte\/ricotta\/"]}]},{"@type":"ImageObject","inLanguage":"de","@id":"https:\/\/amo.bz.it\/de\/produkte\/ricotta\/#primaryimage","url":"https:\/\/amo.bz.it\/wp-content\/uploads\/2020\/11\/ricotta_DSC8038.jpg","contentUrl":"https:\/\/amo.bz.it\/wp-content\/uploads\/2020\/11\/ricotta_DSC8038.jpg","width":1200,"height":900,"caption":"Ricotta Am\u00f2"},{"@type":"BreadcrumbList","@id":"https:\/\/amo.bz.it\/de\/produkte\/ricotta\/#breadcrumb","itemListElement":[{"@type":"ListItem","position":1,"name":"Home","item":"https:\/\/amo.bz.it\/de\/"},{"@type":"ListItem","position":2,"name":"Prodotti","item":"https:\/\/amo.bz.it\/shop\/"},{"@type":"ListItem","position":3,"name":"Ricotta Am\u00f2"}]},{"@type":"WebSite","@id":"https:\/\/amo.bz.it\/#website","url":"https:\/\/amo.bz.it\/","name":"Caseificio K\u00e4serei Am\u00f2","description":"Il laboratorio della mozzarella artigianale","potentialAction":[{"@type":"SearchAction","target":{"@type":"EntryPoint","urlTemplate":"https:\/\/amo.bz.it\/?s={search_term_string}"},"query-input":{"@type":"PropertyValueSpecification","valueRequired":true,"valueName":"search_term_string"}}],"inLanguage":"de"}]}},"_links":{"self":[{"href":"https:\/\/amo.bz.it\/de\/wp-json\/wp\/v2\/product\/2417","targetHints":{"allow":["GET"]}}],"collection":[{"href":"https:\/\/amo.bz.it\/de\/wp-json\/wp\/v2\/product"}],"about":[{"href":"https:\/\/amo.bz.it\/de\/wp-json\/wp\/v2\/types\/product"}],"wp:featuredmedia":[{"embeddable":true,"href":"https:\/\/amo.bz.it\/de\/wp-json\/wp\/v2\/media\/1207"}],"wp:attachment":[{"href":"https:\/\/amo.bz.it\/de\/wp-json\/wp\/v2\/media?parent=2417"}],"wp:term":[{"taxonomy":"product_brand","embeddable":true,"href":"https:\/\/amo.bz.it\/de\/wp-json\/wp\/v2\/product_brand?post=2417"},{"taxonomy":"product_cat","embeddable":true,"href":"https:\/\/amo.bz.it\/de\/wp-json\/wp\/v2\/product_cat?post=2417"},{"taxonomy":"product_tag","embeddable":true,"href":"https:\/\/amo.bz.it\/de\/wp-json\/wp\/v2\/product_tag?post=2417"}],"curies":[{"name":"wp","href":"https:\/\/api.w.org\/{rel}","templated":true}]}}