{"id":2383,"date":"2023-03-06T12:56:47","date_gmt":"2023-03-06T11:56:47","guid":{"rendered":"https:\/\/amo.bz.it\/prodotto\/burrata\/"},"modified":"2024-11-28T10:57:03","modified_gmt":"2024-11-28T09:57:03","slug":"burrata","status":"publish","type":"product","link":"https:\/\/amo.bz.it\/de\/produkte\/burrata\/","title":{"rendered":"Burrata Am\u00f2"},"content":{"rendered":"<p>Unsere edle Burrata wird in einer Gr\u00f6\u00dfe von etwa 250 Gramm angeboten. Auf Anfrage k\u00f6nnen wir auch kleinere Varianten herstellen, sogenannte Burratine, mit einem Gewicht von etwa 150 Gramm.<\/p>\n<p>Die Burrata zeichnet sich durch eine feste \u00e4u\u00dfere H\u00fclle aus, die einen cremigen Kern umschlie\u00dft \u2013 die wahre Essenz der Burrata. Dieser k\u00f6stliche Kern besteht aus frischer Sahne und Stracciatella, einer harmonischen Verbindung von Geschmacksnuancen.<\/p>\n<div id=\"ingredienti-e-tabella\" style=\"display: none;\">\n<h3>Ingredienti<\/h3>\n<p><strong>Latte pastorizzato<\/strong>, <strong>fermenti lattici<\/strong>, sale, <strong>caglio<\/strong>. Senza aggiunta di conservanti.<br \/>\nAllergeni: Latte e derivati, lattosio e proteine del latte vaccino.<\/p>\n<h3>Valori nutrizionali<\/h3>\n<table class=\"valori-nutrizionali\">\n<thead>\n<tr>\n<th scope=\"col\">Valori nutrizionali medi<\/th>\n<th scope=\"col\">per 100 g<\/th>\n<\/tr>\n<\/thead>\n<tbody>\n<tr class=\"valore-principale\">\n<td data-label=\"Valori nutrizionali\">Valore energetico<\/td>\n<td data-label=\"per 100 g\">Kcal 277 \u2013 Kj 1150<\/td>\n<\/tr>\n<tr class=\"valore-principale\">\n<td data-label=\"Valori nutrizionali\">Grassi<\/td>\n<td data-label=\"per 100 g\">g 28,8<\/td>\n<\/tr>\n<tr class=\"valore-secondario\">\n<td data-label=\"Valori nutrizionali\">di cui acidi grassi saturi<\/td>\n<td data-label=\"per 100 g\">g 16,9<\/td>\n<\/tr>\n<tr class=\"valore-principale\">\n<td data-label=\"Valori nutrizionali\">Carboidrati<\/td>\n<td data-label=\"per 100 g\">g 0,0<\/td>\n<\/tr>\n<tr class=\"valore-secondario\">\n<td data-label=\"Valori nutrizionali\">di cui zuccheri<\/td>\n<td data-label=\"per 100 g\">g 0,0<\/td>\n<\/tr>\n<tr class=\"valore-principale\">\n<td data-label=\"Valori nutrizionali\">Proteine<\/td>\n<td data-label=\"per 100 g\">g 18<\/td>\n<\/tr>\n<tr class=\"valore-principale\">\n<td data-label=\"Valori nutrizionali\">Sale<\/td>\n<td data-label=\"per 100 g\">g 0,4<\/td>\n<\/tr>\n<\/tbody>\n<\/table>\n<\/div>\n","protected":false},"excerpt":{"rendered":"<p>Unsere edle Burrata wird in einer Gr\u00f6\u00dfe von etwa 250<\/p>\n","protected":false},"featured_media":1191,"template":"","meta":[],"product_brand":[],"product_cat":[62],"product_tag":[],"class_list":{"0":"post-2383","1":"product","2":"type-product","3":"status-publish","4":"has-post-thumbnail","6":"product_cat-caseificio","8":"first","9":"instock","10":"shipping-taxable","11":"purchasable","12":"product-type-simple"},"yoast_head":"<!-- This site is optimized with the Yoast SEO plugin v26.2 - https:\/\/yoast.com\/wordpress\/plugins\/seo\/ -->\n<title>Burrata Am\u00f2 - Caseificio K\u00e4serei Am\u00f2<\/title>\n<meta name=\"robots\" content=\"index, follow, max-snippet:-1, max-image-preview:large, max-video-preview:-1\" \/>\n<link rel=\"canonical\" href=\"https:\/\/amo.bz.it\/de\/produkte\/burrata\/\" \/>\n<meta property=\"og:locale\" content=\"de_DE\" \/>\n<meta property=\"og:type\" content=\"article\" \/>\n<meta property=\"og:title\" content=\"Burrata Am\u00f2 - Caseificio K\u00e4serei Am\u00f2\" \/>\n<meta property=\"og:description\" content=\"Unsere edle Burrata wird in einer Gr\u00f6\u00dfe von etwa 250\" \/>\n<meta property=\"og:url\" content=\"https:\/\/amo.bz.it\/de\/produkte\/burrata\/\" \/>\n<meta property=\"og:site_name\" content=\"Caseificio K\u00e4serei Am\u00f2\" \/>\n<meta property=\"article:modified_time\" content=\"2024-11-28T09:57:03+00:00\" \/>\n<meta property=\"og:image\" content=\"https:\/\/amo.bz.it\/wp-content\/uploads\/2020\/11\/burrata_DSC8052.jpg\" \/>\n\t<meta property=\"og:image:width\" content=\"1200\" \/>\n\t<meta property=\"og:image:height\" content=\"900\" \/>\n\t<meta property=\"og:image:type\" content=\"image\/jpeg\" \/>\n<meta name=\"twitter:card\" content=\"summary_large_image\" \/>\n<meta name=\"twitter:label1\" content=\"Gesch\u00e4tzte Lesezeit\" \/>\n\t<meta name=\"twitter:data1\" content=\"1\u00a0Minute\" \/>\n<script type=\"application\/ld+json\" class=\"yoast-schema-graph\">{\"@context\":\"https:\/\/schema.org\",\"@graph\":[{\"@type\":\"WebPage\",\"@id\":\"https:\/\/amo.bz.it\/de\/produkte\/burrata\/\",\"url\":\"https:\/\/amo.bz.it\/de\/produkte\/burrata\/\",\"name\":\"Burrata Am\u00f2 - Caseificio K\u00e4serei Am\u00f2\",\"isPartOf\":{\"@id\":\"https:\/\/amo.bz.it\/#website\"},\"primaryImageOfPage\":{\"@id\":\"https:\/\/amo.bz.it\/de\/produkte\/burrata\/#primaryimage\"},\"image\":{\"@id\":\"https:\/\/amo.bz.it\/de\/produkte\/burrata\/#primaryimage\"},\"thumbnailUrl\":\"https:\/\/amo.bz.it\/wp-content\/uploads\/2020\/11\/burrata_DSC8052.jpg\",\"datePublished\":\"2023-03-06T11:56:47+00:00\",\"dateModified\":\"2024-11-28T09:57:03+00:00\",\"breadcrumb\":{\"@id\":\"https:\/\/amo.bz.it\/de\/produkte\/burrata\/#breadcrumb\"},\"inLanguage\":\"de\",\"potentialAction\":[{\"@type\":\"ReadAction\",\"target\":[\"https:\/\/amo.bz.it\/de\/produkte\/burrata\/\"]}]},{\"@type\":\"ImageObject\",\"inLanguage\":\"de\",\"@id\":\"https:\/\/amo.bz.it\/de\/produkte\/burrata\/#primaryimage\",\"url\":\"https:\/\/amo.bz.it\/wp-content\/uploads\/2020\/11\/burrata_DSC8052.jpg\",\"contentUrl\":\"https:\/\/amo.bz.it\/wp-content\/uploads\/2020\/11\/burrata_DSC8052.jpg\",\"width\":1200,\"height\":900,\"caption\":\"Burrata Am\u00f2\"},{\"@type\":\"BreadcrumbList\",\"@id\":\"https:\/\/amo.bz.it\/de\/produkte\/burrata\/#breadcrumb\",\"itemListElement\":[{\"@type\":\"ListItem\",\"position\":1,\"name\":\"Home\",\"item\":\"https:\/\/amo.bz.it\/de\/\"},{\"@type\":\"ListItem\",\"position\":2,\"name\":\"Prodotti\",\"item\":\"https:\/\/amo.bz.it\/shop\/\"},{\"@type\":\"ListItem\",\"position\":3,\"name\":\"Burrata Am\u00f2\"}]},{\"@type\":\"WebSite\",\"@id\":\"https:\/\/amo.bz.it\/#website\",\"url\":\"https:\/\/amo.bz.it\/\",\"name\":\"Caseificio K\u00e4serei Am\u00f2\",\"description\":\"Il laboratorio della mozzarella artigianale\",\"potentialAction\":[{\"@type\":\"SearchAction\",\"target\":{\"@type\":\"EntryPoint\",\"urlTemplate\":\"https:\/\/amo.bz.it\/?s={search_term_string}\"},\"query-input\":{\"@type\":\"PropertyValueSpecification\",\"valueRequired\":true,\"valueName\":\"search_term_string\"}}],\"inLanguage\":\"de\"}]}<\/script>\n<!-- \/ Yoast SEO plugin. -->","yoast_head_json":{"title":"Burrata Am\u00f2 - Caseificio K\u00e4serei Am\u00f2","robots":{"index":"index","follow":"follow","max-snippet":"max-snippet:-1","max-image-preview":"max-image-preview:large","max-video-preview":"max-video-preview:-1"},"canonical":"https:\/\/amo.bz.it\/de\/produkte\/burrata\/","og_locale":"de_DE","og_type":"article","og_title":"Burrata Am\u00f2 - Caseificio K\u00e4serei Am\u00f2","og_description":"Unsere edle Burrata wird in einer Gr\u00f6\u00dfe von etwa 250","og_url":"https:\/\/amo.bz.it\/de\/produkte\/burrata\/","og_site_name":"Caseificio K\u00e4serei Am\u00f2","article_modified_time":"2024-11-28T09:57:03+00:00","og_image":[{"width":1200,"height":900,"url":"https:\/\/amo.bz.it\/wp-content\/uploads\/2020\/11\/burrata_DSC8052.jpg","type":"image\/jpeg"}],"twitter_card":"summary_large_image","twitter_misc":{"Gesch\u00e4tzte Lesezeit":"1\u00a0Minute"},"schema":{"@context":"https:\/\/schema.org","@graph":[{"@type":"WebPage","@id":"https:\/\/amo.bz.it\/de\/produkte\/burrata\/","url":"https:\/\/amo.bz.it\/de\/produkte\/burrata\/","name":"Burrata Am\u00f2 - Caseificio K\u00e4serei Am\u00f2","isPartOf":{"@id":"https:\/\/amo.bz.it\/#website"},"primaryImageOfPage":{"@id":"https:\/\/amo.bz.it\/de\/produkte\/burrata\/#primaryimage"},"image":{"@id":"https:\/\/amo.bz.it\/de\/produkte\/burrata\/#primaryimage"},"thumbnailUrl":"https:\/\/amo.bz.it\/wp-content\/uploads\/2020\/11\/burrata_DSC8052.jpg","datePublished":"2023-03-06T11:56:47+00:00","dateModified":"2024-11-28T09:57:03+00:00","breadcrumb":{"@id":"https:\/\/amo.bz.it\/de\/produkte\/burrata\/#breadcrumb"},"inLanguage":"de","potentialAction":[{"@type":"ReadAction","target":["https:\/\/amo.bz.it\/de\/produkte\/burrata\/"]}]},{"@type":"ImageObject","inLanguage":"de","@id":"https:\/\/amo.bz.it\/de\/produkte\/burrata\/#primaryimage","url":"https:\/\/amo.bz.it\/wp-content\/uploads\/2020\/11\/burrata_DSC8052.jpg","contentUrl":"https:\/\/amo.bz.it\/wp-content\/uploads\/2020\/11\/burrata_DSC8052.jpg","width":1200,"height":900,"caption":"Burrata Am\u00f2"},{"@type":"BreadcrumbList","@id":"https:\/\/amo.bz.it\/de\/produkte\/burrata\/#breadcrumb","itemListElement":[{"@type":"ListItem","position":1,"name":"Home","item":"https:\/\/amo.bz.it\/de\/"},{"@type":"ListItem","position":2,"name":"Prodotti","item":"https:\/\/amo.bz.it\/shop\/"},{"@type":"ListItem","position":3,"name":"Burrata Am\u00f2"}]},{"@type":"WebSite","@id":"https:\/\/amo.bz.it\/#website","url":"https:\/\/amo.bz.it\/","name":"Caseificio K\u00e4serei Am\u00f2","description":"Il laboratorio della mozzarella artigianale","potentialAction":[{"@type":"SearchAction","target":{"@type":"EntryPoint","urlTemplate":"https:\/\/amo.bz.it\/?s={search_term_string}"},"query-input":{"@type":"PropertyValueSpecification","valueRequired":true,"valueName":"search_term_string"}}],"inLanguage":"de"}]}},"_links":{"self":[{"href":"https:\/\/amo.bz.it\/de\/wp-json\/wp\/v2\/product\/2383","targetHints":{"allow":["GET"]}}],"collection":[{"href":"https:\/\/amo.bz.it\/de\/wp-json\/wp\/v2\/product"}],"about":[{"href":"https:\/\/amo.bz.it\/de\/wp-json\/wp\/v2\/types\/product"}],"wp:featuredmedia":[{"embeddable":true,"href":"https:\/\/amo.bz.it\/de\/wp-json\/wp\/v2\/media\/1191"}],"wp:attachment":[{"href":"https:\/\/amo.bz.it\/de\/wp-json\/wp\/v2\/media?parent=2383"}],"wp:term":[{"taxonomy":"product_brand","embeddable":true,"href":"https:\/\/amo.bz.it\/de\/wp-json\/wp\/v2\/product_brand?post=2383"},{"taxonomy":"product_cat","embeddable":true,"href":"https:\/\/amo.bz.it\/de\/wp-json\/wp\/v2\/product_cat?post=2383"},{"taxonomy":"product_tag","embeddable":true,"href":"https:\/\/amo.bz.it\/de\/wp-json\/wp\/v2\/product_tag?post=2383"}],"curies":[{"name":"wp","href":"https:\/\/api.w.org\/{rel}","templated":true}]}}