{"id":2912,"date":"2025-10-22T12:03:21","date_gmt":"2025-10-22T10:03:21","guid":{"rendered":"https:\/\/amo.bz.it\/?page_id=2912"},"modified":"2025-10-22T12:38:53","modified_gmt":"2025-10-22T10:38:53","slug":"finanzierungen","status":"publish","type":"page","link":"https:\/\/amo.bz.it\/de\/finanzierungen\/","title":{"rendered":"Finanzierungen"},"content":{"rendered":"<p><div class=\"fusion-fullwidth fullwidth-box fusion-builder-row-1 fusion-flex-container fusion-parallax-none nonhundred-percent-fullwidth non-hundred-percent-height-scrolling\" style=\"--link_hover_color: var(--awb-color4);--link_color: var(--awb-color1);--awb-border-sizes-top:0px;--awb-border-sizes-bottom:0px;--awb-border-sizes-left:0px;--awb-border-sizes-right:0px;--awb-border-color:var(--awb-color1);--awb-border-radius-top-left:0px;--awb-border-radius-top-right:0px;--awb-border-radius-bottom-right:0px;--awb-border-radius-bottom-left:0px;--awb-padding-top:200px;--awb-padding-bottom:200px;--awb-padding-top-medium:90px;--awb-padding-bottom-medium:90px;--awb-padding-top-small:60px;--awb-padding-bottom-small:60px;--awb-margin-top:0px;--awb-margin-bottom:-1px;--awb-background-color:var(--awb-color8);--awb-background-image:linear-gradient(180deg, hsla(var(--awb-color8-h),var(--awb-color8-s),var(--awb-color8-l),calc(var(--awb-color8-a) - 45%)) 0%,hsla(var(--awb-color8-h),var(--awb-color8-s),var(--awb-color8-l),calc(var(--awb-color8-a) - 45%)) 100%),url(https:\/\/amo.bz.it\/wp-content\/uploads\/2023\/03\/ambiente_1200x900.jpg);;--awb-background-size:cover;--awb-flex-wrap:wrap;\" data-preload-img=\"https:\/\/amo.bz.it\/wp-content\/uploads\/2023\/03\/ambiente_1200x900.jpg\" ><div class=\"fusion-builder-row fusion-row fusion-flex-align-items-center fusion-flex-justify-content-center fusion-flex-content-wrap\" style=\"max-width:1248px;margin-left: calc(-4% \/ 2 );margin-right: calc(-4% \/ 2 );\"><div class=\"fusion-layout-column fusion_builder_column fusion-builder-column-0 fusion_builder_column_1_1 1_1 fusion-flex-column fusion-column-inner-bg-wrapper fusion-animated\" style=\"--awb-padding-right:8vw;--awb-padding-left:8vw;--awb-padding-right-medium:0px;--awb-padding-left-medium:0px;--awb-padding-top-small:4vh;--awb-padding-bottom-small:4vh;--awb-inner-bg-position:center top;--awb-inner-bg-size:cover;--awb-filter:saturate(100%);--awb-filter-transition:filter 0.3s ease;--awb-filter-hover:saturate(120%);--awb-width-large:100%;--awb-margin-top-large:0px;--awb-spacing-right-large:1.92%;--awb-margin-bottom-large:0px;--awb-spacing-left-large:1.92%;--awb-width-medium:100%;--awb-order-medium:0;--awb-spacing-right-medium:1.92%;--awb-spacing-left-medium:1.92%;--awb-width-small:100%;--awb-order-small:0;--awb-spacing-right-small:1.92%;--awb-margin-bottom-small:0px;--awb-spacing-left-small:1.92%;\" data-animationType=\"fadeInUp\" data-animationDuration=\"1.0\" data-animationOffset=\"top-into-view\"><span class=\"fusion-column-inner-bg hover-type-zoomin\"><span class=\"fusion-column-anchor\"><span class=\"fusion-column-inner-bg-image\"><\/span><\/span><\/span><div class=\"fusion-column-wrapper fusion-column-has-shadow fusion-flex-justify-content-center fusion-content-layout-column\"><div class=\"fusion-title title fusion-title-1 fusion-sep-none fusion-title-center fusion-title-text fusion-title-size-two\" style=\"--awb-text-color:var(--awb-color1);\"><h2 class=\"fusion-title-heading title-heading-center fusion-responsive-typography-calculated\" style=\"margin:0;text-transform:uppercase;--fontSize:40;line-height:var(--awb-typography1-line-height);\">Finanzierungen<\/h2><\/div><\/div><\/div><\/div><\/div><div class=\"fusion-fullwidth fullwidth-box fusion-builder-row-2 fusion-flex-container nonhundred-percent-fullwidth non-hundred-percent-height-scrolling\" style=\"--awb-border-radius-top-left:0px;--awb-border-radius-top-right:0px;--awb-border-radius-bottom-right:0px;--awb-border-radius-bottom-left:0px;--awb-padding-right:10%;--awb-padding-bottom:50px;--awb-padding-left:10%;--awb-margin-bottom:0px;--awb-flex-wrap:wrap;\" ><div class=\"fusion-builder-row fusion-row fusion-flex-align-items-center fusion-flex-justify-content-center fusion-flex-content-wrap\" style=\"max-width:calc( 1200px + 0px );margin-left: calc(-0px \/ 2 );margin-right: calc(-0px \/ 2 );\"><div class=\"fusion-layout-column fusion_builder_column fusion-builder-column-1 fusion_builder_column_1_1 1_1 fusion-flex-column fusion-flex-align-self-center fusion-menu fusion-animated\" style=\"--awb-bg-position:center center;--awb-bg-size:cover;--awb-width-large:100%;--awb-margin-top-large:0px;--awb-spacing-right-large:calc( 0 * calc( 100% - 0 ) );--awb-margin-bottom-large:0px;--awb-spacing-left-large:0px;--awb-width-medium:100%;--awb-order-medium:0;--awb-spacing-right-medium:calc( 0 * calc( 100% - 0 ) );--awb-spacing-left-medium:0px;--awb-width-small:100%;--awb-order-small:0;--awb-spacing-right-small:0px;--awb-spacing-left-small:0px;\" data-animationType=\"fadeInLeft\" data-animationDuration=\"1.0\" data-animationOffset=\"top-into-view\"><div class=\"fusion-column-wrapper fusion-column-has-shadow fusion-flex-justify-content-center fusion-content-layout-column\"><div class=\"fusion-title title fusion-title-2 fusion-sep-none fusion-title-center fusion-title-text fusion-title-size-five\" style=\"--awb-margin-top:50px;--awb-margin-bottom:20px;\"><h5 class=\"fusion-title-heading title-heading-center fusion-responsive-typography-calculated\" style=\"margin:0;text-transform:capitalize;--fontSize:24;line-height:1.4;\">(letzte Aktualisierung: 22. Oktober 2025)<\/h5><\/div><div class=\"fusion-text fusion-text-1 fusion-text-no-margin\" style=\"--awb-content-alignment:center;--awb-margin-top:50px;--awb-margin-bottom:50px;\"><a href=\"https:\/\/amo.bz.it\/wp-content\/uploads\/2025\/10\/Formazione_per_innovazione_Amo.pdf\" class=\"pdfemb-viewer\" style=\"\" data-width=\"max\" data-height=\"max\" data-toolbar=\"bottom\" data-toolbar-fixed=\"off\">Formazione_per_innovazione_Amo<\/a>\n<\/div><\/div><\/div><\/div><\/div><\/p>\n","protected":false},"excerpt":{"rendered":"","protected":false},"author":1,"featured_media":0,"parent":0,"menu_order":0,"comment_status":"closed","ping_status":"closed","template":"100-width.php","meta":{"footnotes":""},"class_list":["post-2912","page","type-page","status-publish","hentry"],"yoast_head":"<!-- This site is optimized with the Yoast SEO plugin v26.2 - https:\/\/yoast.com\/wordpress\/plugins\/seo\/ -->\n<title>Finanzierungen - Caseificio K\u00e4serei Am\u00f2<\/title>\n<meta name=\"robots\" content=\"index, follow, max-snippet:-1, max-image-preview:large, max-video-preview:-1\" \/>\n<link rel=\"canonical\" href=\"https:\/\/amo.bz.it\/de\/finanzierungen\/\" \/>\n<meta property=\"og:locale\" content=\"de_DE\" \/>\n<meta property=\"og:type\" content=\"article\" \/>\n<meta property=\"og:title\" content=\"Finanzierungen - Caseificio K\u00e4serei Am\u00f2\" \/>\n<meta property=\"og:url\" content=\"https:\/\/amo.bz.it\/de\/finanzierungen\/\" \/>\n<meta property=\"og:site_name\" content=\"Caseificio K\u00e4serei Am\u00f2\" \/>\n<meta property=\"article:modified_time\" content=\"2025-10-22T10:38:53+00:00\" \/>\n<meta name=\"twitter:card\" content=\"summary_large_image\" \/>\n<meta name=\"twitter:label1\" content=\"Gesch\u00e4tzte Lesezeit\" \/>\n\t<meta name=\"twitter:data1\" content=\"1\u00a0Minute\" \/>\n<script type=\"application\/ld+json\" class=\"yoast-schema-graph\">{\"@context\":\"https:\/\/schema.org\",\"@graph\":[{\"@type\":\"WebPage\",\"@id\":\"https:\/\/amo.bz.it\/de\/finanzierungen\/\",\"url\":\"https:\/\/amo.bz.it\/de\/finanzierungen\/\",\"name\":\"Finanzierungen - Caseificio K\u00e4serei Am\u00f2\",\"isPartOf\":{\"@id\":\"https:\/\/amo.bz.it\/#website\"},\"datePublished\":\"2025-10-22T10:03:21+00:00\",\"dateModified\":\"2025-10-22T10:38:53+00:00\",\"breadcrumb\":{\"@id\":\"https:\/\/amo.bz.it\/de\/finanzierungen\/#breadcrumb\"},\"inLanguage\":\"de\",\"potentialAction\":[{\"@type\":\"ReadAction\",\"target\":[\"https:\/\/amo.bz.it\/de\/finanzierungen\/\"]}]},{\"@type\":\"BreadcrumbList\",\"@id\":\"https:\/\/amo.bz.it\/de\/finanzierungen\/#breadcrumb\",\"itemListElement\":[{\"@type\":\"ListItem\",\"position\":1,\"name\":\"Home\",\"item\":\"https:\/\/amo.bz.it\/de\/\"},{\"@type\":\"ListItem\",\"position\":2,\"name\":\"Finanzierungen\"}]},{\"@type\":\"WebSite\",\"@id\":\"https:\/\/amo.bz.it\/#website\",\"url\":\"https:\/\/amo.bz.it\/\",\"name\":\"Caseificio K\u00e4serei Am\u00f2\",\"description\":\"Il laboratorio della mozzarella artigianale\",\"potentialAction\":[{\"@type\":\"SearchAction\",\"target\":{\"@type\":\"EntryPoint\",\"urlTemplate\":\"https:\/\/amo.bz.it\/?s={search_term_string}\"},\"query-input\":{\"@type\":\"PropertyValueSpecification\",\"valueRequired\":true,\"valueName\":\"search_term_string\"}}],\"inLanguage\":\"de\"}]}<\/script>\n<!-- \/ Yoast SEO plugin. -->","yoast_head_json":{"title":"Finanzierungen - Caseificio K\u00e4serei Am\u00f2","robots":{"index":"index","follow":"follow","max-snippet":"max-snippet:-1","max-image-preview":"max-image-preview:large","max-video-preview":"max-video-preview:-1"},"canonical":"https:\/\/amo.bz.it\/de\/finanzierungen\/","og_locale":"de_DE","og_type":"article","og_title":"Finanzierungen - Caseificio K\u00e4serei Am\u00f2","og_url":"https:\/\/amo.bz.it\/de\/finanzierungen\/","og_site_name":"Caseificio K\u00e4serei Am\u00f2","article_modified_time":"2025-10-22T10:38:53+00:00","twitter_card":"summary_large_image","twitter_misc":{"Gesch\u00e4tzte Lesezeit":"1\u00a0Minute"},"schema":{"@context":"https:\/\/schema.org","@graph":[{"@type":"WebPage","@id":"https:\/\/amo.bz.it\/de\/finanzierungen\/","url":"https:\/\/amo.bz.it\/de\/finanzierungen\/","name":"Finanzierungen - Caseificio K\u00e4serei Am\u00f2","isPartOf":{"@id":"https:\/\/amo.bz.it\/#website"},"datePublished":"2025-10-22T10:03:21+00:00","dateModified":"2025-10-22T10:38:53+00:00","breadcrumb":{"@id":"https:\/\/amo.bz.it\/de\/finanzierungen\/#breadcrumb"},"inLanguage":"de","potentialAction":[{"@type":"ReadAction","target":["https:\/\/amo.bz.it\/de\/finanzierungen\/"]}]},{"@type":"BreadcrumbList","@id":"https:\/\/amo.bz.it\/de\/finanzierungen\/#breadcrumb","itemListElement":[{"@type":"ListItem","position":1,"name":"Home","item":"https:\/\/amo.bz.it\/de\/"},{"@type":"ListItem","position":2,"name":"Finanzierungen"}]},{"@type":"WebSite","@id":"https:\/\/amo.bz.it\/#website","url":"https:\/\/amo.bz.it\/","name":"Caseificio K\u00e4serei Am\u00f2","description":"Il laboratorio della mozzarella artigianale","potentialAction":[{"@type":"SearchAction","target":{"@type":"EntryPoint","urlTemplate":"https:\/\/amo.bz.it\/?s={search_term_string}"},"query-input":{"@type":"PropertyValueSpecification","valueRequired":true,"valueName":"search_term_string"}}],"inLanguage":"de"}]}},"_links":{"self":[{"href":"https:\/\/amo.bz.it\/de\/wp-json\/wp\/v2\/pages\/2912","targetHints":{"allow":["GET"]}}],"collection":[{"href":"https:\/\/amo.bz.it\/de\/wp-json\/wp\/v2\/pages"}],"about":[{"href":"https:\/\/amo.bz.it\/de\/wp-json\/wp\/v2\/types\/page"}],"author":[{"embeddable":true,"href":"https:\/\/amo.bz.it\/de\/wp-json\/wp\/v2\/users\/1"}],"replies":[{"embeddable":true,"href":"https:\/\/amo.bz.it\/de\/wp-json\/wp\/v2\/comments?post=2912"}],"version-history":[{"count":10,"href":"https:\/\/amo.bz.it\/de\/wp-json\/wp\/v2\/pages\/2912\/revisions"}],"predecessor-version":[{"id":2939,"href":"https:\/\/amo.bz.it\/de\/wp-json\/wp\/v2\/pages\/2912\/revisions\/2939"}],"wp:attachment":[{"href":"https:\/\/amo.bz.it\/de\/wp-json\/wp\/v2\/media?parent=2912"}],"curies":[{"name":"wp","href":"https:\/\/api.w.org\/{rel}","templated":true}]}}