{"id":2402,"date":"2020-11-03T13:11:54","date_gmt":"2020-11-03T12:11:54","guid":{"rendered":"https:\/\/amo.bz.it\/eventi-e-notizie\/"},"modified":"2024-11-28T12:14:46","modified_gmt":"2024-11-28T11:14:46","slug":"veranstaltungen-und-nachrichten","status":"publish","type":"page","link":"https:\/\/amo.bz.it\/de\/veranstaltungen-und-nachrichten\/","title":{"rendered":"Veranstaltungen und Nachrichten"},"content":{"rendered":"<p><div class=\"fusion-fullwidth fullwidth-box fusion-builder-row-1 fusion-flex-container fusion-parallax-none nonhundred-percent-fullwidth non-hundred-percent-height-scrolling\" style=\"--link_hover_color: var(--awb-color4);--link_color: var(--awb-color1);--awb-border-sizes-top:0px;--awb-border-sizes-bottom:0px;--awb-border-sizes-left:0px;--awb-border-sizes-right:0px;--awb-border-color:var(--awb-color1);--awb-border-radius-top-left:0px;--awb-border-radius-top-right:0px;--awb-border-radius-bottom-right:0px;--awb-border-radius-bottom-left:0px;--awb-padding-top:200px;--awb-padding-bottom:200px;--awb-padding-top-medium:90px;--awb-padding-bottom-medium:90px;--awb-padding-top-small:60px;--awb-padding-bottom-small:60px;--awb-margin-top:0px;--awb-margin-bottom:-1px;--awb-background-color:var(--awb-color8);--awb-background-image:linear-gradient(180deg, hsla(var(--awb-color8-h),var(--awb-color8-s),var(--awb-color8-l),calc(var(--awb-color8-a) - 45%)) 0%,hsla(var(--awb-color8-h),var(--awb-color8-s),var(--awb-color8-l),calc(var(--awb-color8-a) - 45%)) 100%),url(https:\/\/amo.bz.it\/wp-content\/uploads\/2023\/03\/ambiente_1200x900.jpg);;--awb-background-size:cover;--awb-flex-wrap:wrap;\" data-preload-img=\"https:\/\/amo.bz.it\/wp-content\/uploads\/2023\/03\/ambiente_1200x900.jpg\" ><div class=\"fusion-builder-row fusion-row fusion-flex-align-items-center fusion-flex-justify-content-center fusion-flex-content-wrap\" style=\"max-width:1248px;margin-left: calc(-4% \/ 2 );margin-right: calc(-4% \/ 2 );\"><div class=\"fusion-layout-column fusion_builder_column fusion-builder-column-0 fusion_builder_column_1_1 1_1 fusion-flex-column fusion-column-inner-bg-wrapper fusion-animated\" style=\"--awb-padding-right:8vw;--awb-padding-left:8vw;--awb-padding-right-medium:0px;--awb-padding-left-medium:0px;--awb-padding-top-small:4vh;--awb-padding-bottom-small:4vh;--awb-inner-bg-position:center top;--awb-inner-bg-size:cover;--awb-filter:saturate(100%);--awb-filter-transition:filter 0.3s ease;--awb-filter-hover:saturate(120%);--awb-width-large:100%;--awb-margin-top-large:0px;--awb-spacing-right-large:1.92%;--awb-margin-bottom-large:0px;--awb-spacing-left-large:1.92%;--awb-width-medium:100%;--awb-order-medium:0;--awb-spacing-right-medium:1.92%;--awb-spacing-left-medium:1.92%;--awb-width-small:100%;--awb-order-small:0;--awb-spacing-right-small:1.92%;--awb-margin-bottom-small:0px;--awb-spacing-left-small:1.92%;\" data-animationType=\"fadeInUp\" data-animationDuration=\"1.0\" data-animationOffset=\"top-into-view\"><span class=\"fusion-column-inner-bg hover-type-zoomin\"><span class=\"fusion-column-anchor\"><span class=\"fusion-column-inner-bg-image\"><\/span><\/span><\/span><div class=\"fusion-column-wrapper fusion-column-has-shadow fusion-flex-justify-content-center fusion-content-layout-column\"><div class=\"fusion-title title fusion-title-1 fusion-sep-none fusion-title-center fusion-title-text fusion-title-size-two\" style=\"--awb-text-color:var(--awb-color1);\"><h2 class=\"fusion-title-heading title-heading-center fusion-responsive-typography-calculated\" style=\"margin:0;text-transform:uppercase;--fontSize:40;line-height:var(--awb-typography1-line-height);\">Veranstaltungen und Nachrichten aus Am\u00f2<\/h2><\/div><\/div><\/div><\/div><\/div><div class=\"fusion-fullwidth fullwidth-box fusion-builder-row-2 fusion-flex-container nonhundred-percent-fullwidth non-hundred-percent-height-scrolling\" style=\"--awb-border-radius-top-left:0px;--awb-border-radius-top-right:0px;--awb-border-radius-bottom-right:0px;--awb-border-radius-bottom-left:0px;--awb-padding-top:120px;--awb-padding-bottom:0px;--awb-flex-wrap:wrap;\" ><div class=\"fusion-builder-row fusion-row fusion-flex-align-items-flex-start fusion-flex-content-wrap\" style=\"max-width:1248px;margin-left: calc(-4% \/ 2 );margin-right: calc(-4% \/ 2 );\"><div class=\"fusion-layout-column fusion_builder_column fusion-builder-column-1 fusion_builder_column_1_1 1_1 fusion-flex-column\" style=\"--awb-bg-size:cover;--awb-width-large:100%;--awb-margin-top-large:0px;--awb-spacing-right-large:1.92%;--awb-margin-bottom-large:20px;--awb-spacing-left-large:1.92%;--awb-width-medium:100%;--awb-order-medium:0;--awb-spacing-right-medium:1.92%;--awb-spacing-left-medium:1.92%;--awb-width-small:100%;--awb-order-small:0;--awb-spacing-right-small:1.92%;--awb-spacing-left-small:1.92%;\"><div class=\"fusion-column-wrapper fusion-column-has-shadow fusion-flex-justify-content-flex-start fusion-content-layout-column\"><div class=\"fusion-blog-shortcode fusion-blog-shortcode-1 fusion-blog-archive fusion-blog-layout-grid-wrapper fusion-blog-infinite fusion-blog-layout-center\"><style type=\"text\/css\">.fusion-blog-shortcode-1 .fusion-blog-layout-grid .fusion-post-grid{padding:20px;}.fusion-blog-shortcode-1 .fusion-posts-container{margin-left: -20px !important; margin-right:-20px !important;}<\/style><div class=\"fusion-posts-container fusion-posts-container-infinite fusion-posts-container-load-more fusion-no-meta-info fusion-blog-layout-grid fusion-blog-layout-grid-2 isotope fusion-blog-equal-heights\" data-pages=\"1\" data-grid-col-space=\"40\" style=\"margin: -20px -20px 0;min-height:500px;\"><article id=\"blog-1-post-2199\" class=\"fusion-post-grid post-2199 post type-post status-publish format-standard has-post-thumbnail hentry category-nachrichten\">\n<div class=\"fusion-post-wrapper\" style=\"background-color:rgba(255,255,255,0);border:none;\">\n\n\t\t\t<div class=\"fusion-flexslider flexslider fusion-flexslider-loading fusion-post-slideshow\" style=\"border-color:rgba(242,243,245,0);\">\n\t\t<ul class=\"slides\">\n\t\t\t\n\t\t\t\t\t\t\t\t\t\t\t\t\t\t<li><div  class=\"fusion-image-wrapper\" aria-haspopup=\"true\">\n\t\t\t\t\t\t\t<a href=\"https:\/\/amo.bz.it\/de\/2024\/open-day-bye-summer\/\" aria-label=\"Open Day Bye Summer\">\n\t\t\t\t\t\t\t<img decoding=\"async\" width=\"1200\" height=\"600\" src=\"https:\/\/amo.bz.it\/wp-content\/uploads\/2024\/09\/IMG_9530-1200x600-1.jpeg\" class=\"attachment-full size-full lazyload wp-post-image\" alt=\"\" srcset=\"data:image\/svg+xml,%3Csvg%20xmlns%3D%27http%3A%2F%2Fwww.w3.org%2F2000%2Fsvg%27%20width%3D%271200%27%20height%3D%27600%27%20viewBox%3D%270%200%201200%20600%27%3E%3Crect%20width%3D%271200%27%20height%3D%27600%27%20fill-opacity%3D%220%22%2F%3E%3C%2Fsvg%3E\" data-orig-src=\"https:\/\/amo.bz.it\/wp-content\/uploads\/2024\/09\/IMG_9530-1200x600-1.jpeg\" data-srcset=\"https:\/\/amo.bz.it\/wp-content\/uploads\/2024\/09\/IMG_9530-1200x600-1-200x100.jpeg 200w, https:\/\/amo.bz.it\/wp-content\/uploads\/2024\/09\/IMG_9530-1200x600-1-400x200.jpeg 400w, https:\/\/amo.bz.it\/wp-content\/uploads\/2024\/09\/IMG_9530-1200x600-1-600x300.jpeg 600w, https:\/\/amo.bz.it\/wp-content\/uploads\/2024\/09\/IMG_9530-1200x600-1-800x400.jpeg 800w, https:\/\/amo.bz.it\/wp-content\/uploads\/2024\/09\/IMG_9530-1200x600-1.jpeg 1200w\" data-sizes=\"auto\" \/>\t\t\t<\/a>\n\t\t\t\t\t\t\t<\/div>\n<\/li>\n\t\t\t\n\t\t\t\n\t\t\t\t\t\t\t\t\t\t\t\t\t\t\t\t\t\t\t\t\t\t\t\t\t\t\t\t\t\t\t\t\t\t\t\t\t\t\t\t\t\t\t\t\t\t\t\t\t\t\t\t\t\t\t\t\t\t\t\t\t\t\t\t\t\t\t\t<\/ul>\n\t<\/div>\n\t<div class=\"fusion-post-content-wrapper\" style=\"padding:20px 0px ;\"><div class=\"fusion-post-content post-content\"><h2 class=\"blog-shortcode-post-title entry-title\"><a href=\"https:\/\/amo.bz.it\/de\/2024\/open-day-bye-summer\/\">Open Day Bye Summer<\/a><\/h2><\/div><\/div><div class=\"fusion-clearfix\"><\/div><\/div>\n<\/article>\n<article id=\"blog-1-post-2502\" class=\"fusion-post-grid post-2502 post type-post status-publish format-standard has-post-thumbnail hentry category-nachrichten\">\n<div class=\"fusion-post-wrapper\" style=\"background-color:rgba(255,255,255,0);border:none;\">\n\n\t\t\t<div class=\"fusion-flexslider flexslider fusion-flexslider-loading fusion-post-slideshow\" style=\"border-color:rgba(242,243,245,0);\">\n\t\t<ul class=\"slides\">\n\t\t\t\n\t\t\t\t\t\t\t\t\t\t\t\t\t\t<li><div  class=\"fusion-image-wrapper\" aria-haspopup=\"true\">\n\t\t\t\t\t\t\t<a href=\"https:\/\/amo.bz.it\/de\/2024\/buffalo-day-12-luglio-2024\/\" aria-label=\"Buffalo Craft Beer\">\n\t\t\t\t\t\t\t<img decoding=\"async\" width=\"1200\" height=\"601\" src=\"https:\/\/amo.bz.it\/wp-content\/uploads\/2024\/06\/DSC8549-1200x600-1.jpg\" class=\"attachment-full size-full lazyload wp-post-image\" alt=\"\" srcset=\"data:image\/svg+xml,%3Csvg%20xmlns%3D%27http%3A%2F%2Fwww.w3.org%2F2000%2Fsvg%27%20width%3D%271200%27%20height%3D%27601%27%20viewBox%3D%270%200%201200%20601%27%3E%3Crect%20width%3D%271200%27%20height%3D%27601%27%20fill-opacity%3D%220%22%2F%3E%3C%2Fsvg%3E\" data-orig-src=\"https:\/\/amo.bz.it\/wp-content\/uploads\/2024\/06\/DSC8549-1200x600-1.jpg\" data-srcset=\"https:\/\/amo.bz.it\/wp-content\/uploads\/2024\/06\/DSC8549-1200x600-1-200x100.jpg 200w, https:\/\/amo.bz.it\/wp-content\/uploads\/2024\/06\/DSC8549-1200x600-1-400x200.jpg 400w, https:\/\/amo.bz.it\/wp-content\/uploads\/2024\/06\/DSC8549-1200x600-1-600x301.jpg 600w, https:\/\/amo.bz.it\/wp-content\/uploads\/2024\/06\/DSC8549-1200x600-1-800x401.jpg 800w, https:\/\/amo.bz.it\/wp-content\/uploads\/2024\/06\/DSC8549-1200x600-1.jpg 1200w\" data-sizes=\"auto\" \/>\t\t\t<\/a>\n\t\t\t\t\t\t\t<\/div>\n<\/li>\n\t\t\t\n\t\t\t\n\t\t\t\t\t\t\t\t\t\t\t\t\t\t\t\t\t\t\t\t\t\t\t\t\t\t\t\t\t\t\t\t\t\t\t\t\t\t\t\t\t\t\t\t\t\t\t\t\t\t\t\t\t\t\t\t\t\t\t\t\t\t\t\t\t\t\t\t<\/ul>\n\t<\/div>\n\t<div class=\"fusion-post-content-wrapper\" style=\"padding:20px 0px ;\"><div class=\"fusion-post-content post-content\"><h2 class=\"blog-shortcode-post-title entry-title\"><a href=\"https:\/\/amo.bz.it\/de\/2024\/buffalo-day-12-luglio-2024\/\">Buffalo Craft Beer<\/a><\/h2><\/div><\/div><div class=\"fusion-clearfix\"><\/div><\/div>\n<\/article>\n<article id=\"blog-1-post-2509\" class=\"fusion-post-grid post-2509 post type-post status-publish format-standard has-post-thumbnail hentry category-nachrichten\">\n<div class=\"fusion-post-wrapper\" style=\"background-color:rgba(255,255,255,0);border:none;\">\n\n\t\t\t<div class=\"fusion-flexslider flexslider fusion-flexslider-loading fusion-post-slideshow\" style=\"border-color:rgba(242,243,245,0);\">\n\t\t<ul class=\"slides\">\n\t\t\t\n\t\t\t\t\t\t\t\t\t\t\t\t\t\t<li><div  class=\"fusion-image-wrapper\" aria-haspopup=\"true\">\n\t\t\t\t\t\t\t<a href=\"https:\/\/amo.bz.it\/de\/2022\/endlich-geht-es-wieder-los-wir-freuen-uns-darauf-sie-am-11-juli-wiederzusehen\/\" aria-label=\"Endlich geht es wieder los. Wir freuen uns darauf, Sie am 11. Juli wiederzusehen!\">\n\t\t\t\t\t\t\t<img decoding=\"async\" width=\"1200\" height=\"600\" src=\"https:\/\/amo.bz.it\/wp-content\/uploads\/2022\/07\/negozio.jpg\" class=\"attachment-full size-full lazyload wp-post-image\" alt=\"Am\u00f2 - La Prelibateria\" srcset=\"data:image\/svg+xml,%3Csvg%20xmlns%3D%27http%3A%2F%2Fwww.w3.org%2F2000%2Fsvg%27%20width%3D%271200%27%20height%3D%27600%27%20viewBox%3D%270%200%201200%20600%27%3E%3Crect%20width%3D%271200%27%20height%3D%27600%27%20fill-opacity%3D%220%22%2F%3E%3C%2Fsvg%3E\" data-orig-src=\"https:\/\/amo.bz.it\/wp-content\/uploads\/2022\/07\/negozio.jpg\" data-srcset=\"https:\/\/amo.bz.it\/wp-content\/uploads\/2022\/07\/negozio-200x100.jpg 200w, https:\/\/amo.bz.it\/wp-content\/uploads\/2022\/07\/negozio-400x200.jpg 400w, https:\/\/amo.bz.it\/wp-content\/uploads\/2022\/07\/negozio-600x300.jpg 600w, https:\/\/amo.bz.it\/wp-content\/uploads\/2022\/07\/negozio-800x400.jpg 800w, https:\/\/amo.bz.it\/wp-content\/uploads\/2022\/07\/negozio.jpg 1200w\" data-sizes=\"auto\" \/>\t\t\t<\/a>\n\t\t\t\t\t\t\t<\/div>\n<\/li>\n\t\t\t\n\t\t\t\n\t\t\t\t\t\t\t\t\t\t\t\t\t\t\t\t\t\t\t\t\t\t\t\t\t\t\t\t\t\t\t\t\t\t\t\t\t\t\t\t\t\t\t\t\t\t\t\t\t\t\t\t\t\t\t\t\t\t\t\t\t\t\t\t\t\t\t\t<\/ul>\n\t<\/div>\n\t<div class=\"fusion-post-content-wrapper\" style=\"padding:20px 0px ;\"><div class=\"fusion-post-content post-content\"><h2 class=\"blog-shortcode-post-title entry-title\"><a href=\"https:\/\/amo.bz.it\/de\/2022\/endlich-geht-es-wieder-los-wir-freuen-uns-darauf-sie-am-11-juli-wiederzusehen\/\">Endlich geht es wieder los. Wir freuen uns darauf, Sie am 11. Juli wiederzusehen!<\/a><\/h2><\/div><\/div><div class=\"fusion-clearfix\"><\/div><\/div>\n<\/article>\n<article id=\"blog-1-post-2506\" class=\"fusion-post-grid post-2506 post type-post status-publish format-standard has-post-thumbnail hentry category-nachrichten\">\n<div class=\"fusion-post-wrapper\" style=\"background-color:rgba(255,255,255,0);border:none;\">\n\n\t\t\t<div class=\"fusion-flexslider flexslider fusion-flexslider-loading fusion-post-slideshow\" style=\"border-color:rgba(242,243,245,0);\">\n\t\t<ul class=\"slides\">\n\t\t\t\n\t\t\t\t\t\t\t\t\t\t\t\t\t\t<li><div  class=\"fusion-image-wrapper\" aria-haspopup=\"true\">\n\t\t\t\t\t\t\t<a href=\"https:\/\/amo.bz.it\/de\/2022\/open-day-8-april-2022\/\" aria-label=\"Open Day 8 April 2022\">\n\t\t\t\t\t\t\t<img decoding=\"async\" width=\"1200\" height=\"601\" src=\"https:\/\/amo.bz.it\/wp-content\/uploads\/2022\/04\/openday-1200x600-1.jpg\" class=\"attachment-full size-full lazyload wp-post-image\" alt=\"\" srcset=\"data:image\/svg+xml,%3Csvg%20xmlns%3D%27http%3A%2F%2Fwww.w3.org%2F2000%2Fsvg%27%20width%3D%271200%27%20height%3D%27601%27%20viewBox%3D%270%200%201200%20601%27%3E%3Crect%20width%3D%271200%27%20height%3D%27601%27%20fill-opacity%3D%220%22%2F%3E%3C%2Fsvg%3E\" data-orig-src=\"https:\/\/amo.bz.it\/wp-content\/uploads\/2022\/04\/openday-1200x600-1.jpg\" data-srcset=\"https:\/\/amo.bz.it\/wp-content\/uploads\/2022\/04\/openday-1200x600-1-200x100.jpg 200w, https:\/\/amo.bz.it\/wp-content\/uploads\/2022\/04\/openday-1200x600-1-400x200.jpg 400w, https:\/\/amo.bz.it\/wp-content\/uploads\/2022\/04\/openday-1200x600-1-600x301.jpg 600w, https:\/\/amo.bz.it\/wp-content\/uploads\/2022\/04\/openday-1200x600-1-800x401.jpg 800w, https:\/\/amo.bz.it\/wp-content\/uploads\/2022\/04\/openday-1200x600-1.jpg 1200w\" data-sizes=\"auto\" \/>\t\t\t<\/a>\n\t\t\t\t\t\t\t<\/div>\n<\/li>\n\t\t\t\n\t\t\t\n\t\t\t\t\t\t\t\t\t\t\t\t\t\t\t\t\t\t\t\t\t\t\t\t\t\t\t\t\t\t\t\t\t\t\t\t\t\t\t\t\t\t\t\t\t\t\t\t\t\t\t\t\t\t\t\t\t\t\t\t\t\t\t\t\t\t\t\t<\/ul>\n\t<\/div>\n\t<div class=\"fusion-post-content-wrapper\" style=\"padding:20px 0px ;\"><div class=\"fusion-post-content post-content\"><h2 class=\"blog-shortcode-post-title entry-title\"><a href=\"https:\/\/amo.bz.it\/de\/2022\/open-day-8-april-2022\/\">Open Day 8 April 2022<\/a><\/h2><\/div><\/div><div class=\"fusion-clearfix\"><\/div><\/div>\n<\/article>\n<article id=\"blog-1-post-2505\" class=\"fusion-post-grid post-2505 post type-post status-publish format-standard has-post-thumbnail hentry category-nachrichten\">\n<div class=\"fusion-post-wrapper\" style=\"background-color:rgba(255,255,255,0);border:none;\">\n\n\t\t\t<div class=\"fusion-flexslider flexslider fusion-flexslider-loading fusion-post-slideshow\" style=\"border-color:rgba(242,243,245,0);\">\n\t\t<ul class=\"slides\">\n\t\t\t\n\t\t\t\t\t\t\t\t\t\t\t\t\t\t<li><div  class=\"fusion-image-wrapper\" aria-haspopup=\"true\">\n\t\t\t\t\t\t\t<a href=\"https:\/\/amo.bz.it\/de\/2020\/aiutiamoadaiutare\/\" aria-label=\"#aiutiAMOadaiutare\">\n\t\t\t\t\t\t\t<img decoding=\"async\" width=\"1200\" height=\"600\" src=\"https:\/\/amo.bz.it\/wp-content\/uploads\/2020\/03\/aiutiamo-1.jpg\" class=\"attachment-full size-full lazyload wp-post-image\" alt=\"Am\u00f2 - #aiutiAMOadaiutare\" srcset=\"data:image\/svg+xml,%3Csvg%20xmlns%3D%27http%3A%2F%2Fwww.w3.org%2F2000%2Fsvg%27%20width%3D%271200%27%20height%3D%27600%27%20viewBox%3D%270%200%201200%20600%27%3E%3Crect%20width%3D%271200%27%20height%3D%27600%27%20fill-opacity%3D%220%22%2F%3E%3C%2Fsvg%3E\" data-orig-src=\"https:\/\/amo.bz.it\/wp-content\/uploads\/2020\/03\/aiutiamo-1.jpg\" data-srcset=\"https:\/\/amo.bz.it\/wp-content\/uploads\/2020\/03\/aiutiamo-1-200x100.jpg 200w, https:\/\/amo.bz.it\/wp-content\/uploads\/2020\/03\/aiutiamo-1-400x200.jpg 400w, https:\/\/amo.bz.it\/wp-content\/uploads\/2020\/03\/aiutiamo-1-600x300.jpg 600w, https:\/\/amo.bz.it\/wp-content\/uploads\/2020\/03\/aiutiamo-1-800x400.jpg 800w, https:\/\/amo.bz.it\/wp-content\/uploads\/2020\/03\/aiutiamo-1.jpg 1200w\" data-sizes=\"auto\" \/>\t\t\t<\/a>\n\t\t\t\t\t\t\t<\/div>\n<\/li>\n\t\t\t\n\t\t\t\n\t\t\t\t\t\t\t\t\t\t\t\t\t\t\t\t\t\t\t\t\t\t\t\t\t\t\t\t\t\t\t\t\t\t\t\t\t\t\t\t\t\t\t\t\t\t\t\t\t\t\t\t\t\t\t\t\t\t\t\t\t\t\t\t\t\t\t\t<\/ul>\n\t<\/div>\n\t<div class=\"fusion-post-content-wrapper\" style=\"padding:20px 0px ;\"><div class=\"fusion-post-content post-content\"><h2 class=\"blog-shortcode-post-title entry-title\"><a href=\"https:\/\/amo.bz.it\/de\/2020\/aiutiamoadaiutare\/\">#aiutiAMOadaiutare<\/a><\/h2><\/div><\/div><div class=\"fusion-clearfix\"><\/div><\/div>\n<\/article>\n<div class=\"fusion-clearfix\"><\/div><\/div><\/div><\/div><\/div><\/div><\/div>\n<\/p>\n","protected":false},"excerpt":{"rendered":"","protected":false},"author":1,"featured_media":0,"parent":0,"menu_order":0,"comment_status":"closed","ping_status":"closed","template":"100-width.php","meta":{"footnotes":""},"class_list":["post-2402","page","type-page","status-publish","hentry"],"yoast_head":"<!-- This site is optimized with the Yoast SEO plugin v26.2 - https:\/\/yoast.com\/wordpress\/plugins\/seo\/ -->\n<title>Veranstaltungen und Nachrichten - Caseificio K\u00e4serei Am\u00f2<\/title>\n<meta name=\"robots\" content=\"index, follow, max-snippet:-1, max-image-preview:large, max-video-preview:-1\" \/>\n<link rel=\"canonical\" href=\"https:\/\/amo.bz.it\/de\/veranstaltungen-und-nachrichten\/\" \/>\n<meta property=\"og:locale\" content=\"de_DE\" \/>\n<meta property=\"og:type\" content=\"article\" \/>\n<meta property=\"og:title\" content=\"Veranstaltungen und Nachrichten - Caseificio K\u00e4serei Am\u00f2\" \/>\n<meta property=\"og:url\" content=\"https:\/\/amo.bz.it\/de\/veranstaltungen-und-nachrichten\/\" \/>\n<meta property=\"og:site_name\" content=\"Caseificio K\u00e4serei Am\u00f2\" \/>\n<meta property=\"article:modified_time\" content=\"2024-11-28T11:14:46+00:00\" \/>\n<meta name=\"twitter:card\" content=\"summary_large_image\" \/>\n<meta name=\"twitter:label1\" content=\"Gesch\u00e4tzte Lesezeit\" \/>\n\t<meta name=\"twitter:data1\" content=\"1\u00a0Minute\" \/>\n<script type=\"application\/ld+json\" class=\"yoast-schema-graph\">{\"@context\":\"https:\/\/schema.org\",\"@graph\":[{\"@type\":\"WebPage\",\"@id\":\"https:\/\/amo.bz.it\/de\/veranstaltungen-und-nachrichten\/\",\"url\":\"https:\/\/amo.bz.it\/de\/veranstaltungen-und-nachrichten\/\",\"name\":\"Veranstaltungen und Nachrichten - Caseificio K\u00e4serei Am\u00f2\",\"isPartOf\":{\"@id\":\"https:\/\/amo.bz.it\/#website\"},\"datePublished\":\"2020-11-03T12:11:54+00:00\",\"dateModified\":\"2024-11-28T11:14:46+00:00\",\"breadcrumb\":{\"@id\":\"https:\/\/amo.bz.it\/de\/veranstaltungen-und-nachrichten\/#breadcrumb\"},\"inLanguage\":\"de\",\"potentialAction\":[{\"@type\":\"ReadAction\",\"target\":[\"https:\/\/amo.bz.it\/de\/veranstaltungen-und-nachrichten\/\"]}]},{\"@type\":\"BreadcrumbList\",\"@id\":\"https:\/\/amo.bz.it\/de\/veranstaltungen-und-nachrichten\/#breadcrumb\",\"itemListElement\":[{\"@type\":\"ListItem\",\"position\":1,\"name\":\"Home\",\"item\":\"https:\/\/amo.bz.it\/de\/\"},{\"@type\":\"ListItem\",\"position\":2,\"name\":\"Veranstaltungen und Nachrichten\"}]},{\"@type\":\"WebSite\",\"@id\":\"https:\/\/amo.bz.it\/#website\",\"url\":\"https:\/\/amo.bz.it\/\",\"name\":\"Caseificio K\u00e4serei Am\u00f2\",\"description\":\"Il laboratorio della mozzarella artigianale\",\"potentialAction\":[{\"@type\":\"SearchAction\",\"target\":{\"@type\":\"EntryPoint\",\"urlTemplate\":\"https:\/\/amo.bz.it\/?s={search_term_string}\"},\"query-input\":{\"@type\":\"PropertyValueSpecification\",\"valueRequired\":true,\"valueName\":\"search_term_string\"}}],\"inLanguage\":\"de\"}]}<\/script>\n<!-- \/ Yoast SEO plugin. -->","yoast_head_json":{"title":"Veranstaltungen und Nachrichten - Caseificio K\u00e4serei Am\u00f2","robots":{"index":"index","follow":"follow","max-snippet":"max-snippet:-1","max-image-preview":"max-image-preview:large","max-video-preview":"max-video-preview:-1"},"canonical":"https:\/\/amo.bz.it\/de\/veranstaltungen-und-nachrichten\/","og_locale":"de_DE","og_type":"article","og_title":"Veranstaltungen und Nachrichten - Caseificio K\u00e4serei Am\u00f2","og_url":"https:\/\/amo.bz.it\/de\/veranstaltungen-und-nachrichten\/","og_site_name":"Caseificio K\u00e4serei Am\u00f2","article_modified_time":"2024-11-28T11:14:46+00:00","twitter_card":"summary_large_image","twitter_misc":{"Gesch\u00e4tzte Lesezeit":"1\u00a0Minute"},"schema":{"@context":"https:\/\/schema.org","@graph":[{"@type":"WebPage","@id":"https:\/\/amo.bz.it\/de\/veranstaltungen-und-nachrichten\/","url":"https:\/\/amo.bz.it\/de\/veranstaltungen-und-nachrichten\/","name":"Veranstaltungen und Nachrichten - Caseificio K\u00e4serei Am\u00f2","isPartOf":{"@id":"https:\/\/amo.bz.it\/#website"},"datePublished":"2020-11-03T12:11:54+00:00","dateModified":"2024-11-28T11:14:46+00:00","breadcrumb":{"@id":"https:\/\/amo.bz.it\/de\/veranstaltungen-und-nachrichten\/#breadcrumb"},"inLanguage":"de","potentialAction":[{"@type":"ReadAction","target":["https:\/\/amo.bz.it\/de\/veranstaltungen-und-nachrichten\/"]}]},{"@type":"BreadcrumbList","@id":"https:\/\/amo.bz.it\/de\/veranstaltungen-und-nachrichten\/#breadcrumb","itemListElement":[{"@type":"ListItem","position":1,"name":"Home","item":"https:\/\/amo.bz.it\/de\/"},{"@type":"ListItem","position":2,"name":"Veranstaltungen und Nachrichten"}]},{"@type":"WebSite","@id":"https:\/\/amo.bz.it\/#website","url":"https:\/\/amo.bz.it\/","name":"Caseificio K\u00e4serei Am\u00f2","description":"Il laboratorio della mozzarella artigianale","potentialAction":[{"@type":"SearchAction","target":{"@type":"EntryPoint","urlTemplate":"https:\/\/amo.bz.it\/?s={search_term_string}"},"query-input":{"@type":"PropertyValueSpecification","valueRequired":true,"valueName":"search_term_string"}}],"inLanguage":"de"}]}},"_links":{"self":[{"href":"https:\/\/amo.bz.it\/de\/wp-json\/wp\/v2\/pages\/2402","targetHints":{"allow":["GET"]}}],"collection":[{"href":"https:\/\/amo.bz.it\/de\/wp-json\/wp\/v2\/pages"}],"about":[{"href":"https:\/\/amo.bz.it\/de\/wp-json\/wp\/v2\/types\/page"}],"author":[{"embeddable":true,"href":"https:\/\/amo.bz.it\/de\/wp-json\/wp\/v2\/users\/1"}],"replies":[{"embeddable":true,"href":"https:\/\/amo.bz.it\/de\/wp-json\/wp\/v2\/comments?post=2402"}],"version-history":[{"count":1,"href":"https:\/\/amo.bz.it\/de\/wp-json\/wp\/v2\/pages\/2402\/revisions"}],"predecessor-version":[{"id":2403,"href":"https:\/\/amo.bz.it\/de\/wp-json\/wp\/v2\/pages\/2402\/revisions\/2403"}],"wp:attachment":[{"href":"https:\/\/amo.bz.it\/de\/wp-json\/wp\/v2\/media?parent=2402"}],"curies":[{"name":"wp","href":"https:\/\/api.w.org\/{rel}","templated":true}]}}